{"id":14248,"date":"2022-10-08T12:50:54","date_gmt":"2022-10-08T12:50:54","guid":{"rendered":"https:\/\/arendus.now.ee\/toode\/394\/"},"modified":"2022-10-11T12:05:46","modified_gmt":"2022-10-11T12:05:46","slug":"394","status":"publish","type":"product","link":"https:\/\/arendus.now.ee\/et\/product\/394\/","title":{"rendered":"394"},"content":{"rendered":"<p>ROLF BENZ 394.<br \/>\nKERGUS, MIDA TE N\u00c4ETE. PEHMUS, MIDA SAAB TUNDA.<\/p>\n<p>Armastusavaldus istumisv\u00f5imalustele &#8211; Rolf Benz 394 olemus. Elegantne tugitool, mis m\u00f5jub muljetavaldavalt nii kombinatsioonis kui ka eraldi. Selle visuaalne atraktiivsus seisneb kangast v\u00f5i nahka sisaldava rohke polsterduse ja lihvitud kroomi, musta v\u00f5i halli v\u00e4rvi traatraami kombinatsioonis. Rolf Benz 394 avaldab koheselt muljet oma meeldivalt pehme istumismugavusega ja seda saab soovi korral t\u00e4iendada sobiva jalahoobiga.<\/p>\n","protected":false},"excerpt":{"rendered":"<p>ROLF BENZ 394. KERGUS, MIDA TE N\u00c4ETE. PEHMUS, MIDA SAAB TUNDA. Armastusavaldus istumisv\u00f5imalustele &#8211; Rolf Benz 394 olemus. Elegantne tugitool, mis m\u00f5jub muljetavaldavalt nii kombinatsioonis kui ka eraldi. Selle visuaalne atraktiivsus seisneb kangast v\u00f5i nahka sisaldava rohke polsterduse ja lihvitud kroomi, musta v\u00f5i halli v\u00e4rvi traatraami kombinatsioonis. Rolf Benz 394 avaldab koheselt muljet oma meeldivalt [&hellip;]<\/p>\n","protected":false},"featured_media":14227,"comment_status":"closed","ping_status":"closed","template":"","meta":{"_et_pb_use_builder":"","_et_pb_old_content":"","_et_gb_content_width":"","_mi_skip_tracking":false},"product_cat":[266],"product_tag":[268],"acf":[],"_links":{"self":[{"href":"https:\/\/arendus.now.ee\/et\/wp-json\/wp\/v2\/product\/14248"}],"collection":[{"href":"https:\/\/arendus.now.ee\/et\/wp-json\/wp\/v2\/product"}],"about":[{"href":"https:\/\/arendus.now.ee\/et\/wp-json\/wp\/v2\/types\/product"}],"replies":[{"embeddable":true,"href":"https:\/\/arendus.now.ee\/et\/wp-json\/wp\/v2\/comments?post=14248"}],"wp:featuredmedia":[{"embeddable":true,"href":"https:\/\/arendus.now.ee\/et\/wp-json\/wp\/v2\/media\/14227"}],"wp:attachment":[{"href":"https:\/\/arendus.now.ee\/et\/wp-json\/wp\/v2\/media?parent=14248"}],"wp:term":[{"taxonomy":"product_cat","embeddable":true,"href":"https:\/\/arendus.now.ee\/et\/wp-json\/wp\/v2\/product_cat?post=14248"},{"taxonomy":"product_tag","embeddable":true,"href":"https:\/\/arendus.now.ee\/et\/wp-json\/wp\/v2\/product_tag?post=14248"}],"curies":[{"name":"wp","href":"https:\/\/api.w.org\/{rel}","templated":true}]}}