{"id":14330,"date":"2022-09-01T19:45:24","date_gmt":"2022-09-01T19:45:24","guid":{"rendered":"https:\/\/arendus.now.ee\/kontakt\/"},"modified":"2022-10-23T11:00:23","modified_gmt":"2022-10-23T11:00:23","slug":"kontakt","status":"publish","type":"page","link":"https:\/\/arendus.now.ee\/et\/kontakt\/","title":{"rendered":"Kontakt"},"content":{"rendered":"<p>[et_pb_section fb_built=&#8221;1&#8243; fullwidth=&#8221;on&#8221; _builder_version=&#8221;4.18.0&#8243; _module_preset=&#8221;default&#8221; hover_enabled=&#8221;0&#8243; da_disable_devices=&#8221;off|off|off&#8221; global_colors_info=&#8221;{}&#8221; height=&#8221;64vh&#8221; sticky_enabled=&#8221;0&#8243; da_is_popup=&#8221;off&#8221; da_exit_intent=&#8221;off&#8221; da_has_close=&#8221;on&#8221; da_alt_close=&#8221;off&#8221; da_dark_close=&#8221;off&#8221; da_not_modal=&#8221;on&#8221; da_is_singular=&#8221;off&#8221; da_with_loader=&#8221;off&#8221; da_has_shadow=&#8221;on&#8221;][et_pb_fullwidth_code _builder_version=&#8221;4.18.0&#8243; _module_preset=&#8221;default&#8221; hover_enabled=&#8221;0&#8243; global_colors_info=&#8221;{}&#8221; height=&#8221;100%&#8221; sticky_enabled=&#8221;0&#8243; module_class=&#8221;google-map&#8221;]<\/p>\n<div style=\"height:64vh;\">\n  <iframe loading=\"lazy\" src=\"https:\/\/snazzymaps.com\/embed\/431433\" width=\"100%\" height=\"100%\" style=\"border:none;\"><\/iframe>\n  <\/div>\n<p>[\/et_pb_fullwidth_code][\/et_pb_section][et_pb_section fb_built=&#8221;1&#8243; admin_label=&#8221;Section &#8211; Shop category cta&#8221; _builder_version=&#8221;4.18.0&#8243; custom_margin=&#8221;40px||||false|false&#8221; custom_margin_tablet=&#8221;100px||||false|false&#8221; custom_margin_phone=&#8221;||||false|false&#8221; custom_margin_last_edited=&#8221;on|phone&#8221; custom_padding=&#8221;0px||0px|||&#8221; da_disable_devices=&#8221;off|off|off&#8221; collapsed=&#8221;off&#8221; global_colors_info=&#8221;{}&#8221; da_is_popup=&#8221;off&#8221; da_exit_intent=&#8221;off&#8221; da_has_close=&#8221;on&#8221; da_alt_close=&#8221;off&#8221; da_dark_close=&#8221;off&#8221; da_not_modal=&#8221;on&#8221; da_is_singular=&#8221;off&#8221; da_with_loader=&#8221;off&#8221; da_has_shadow=&#8221;on&#8221;][et_pb_row column_structure=&#8221;1_4,1_4,1_2&#8243; make_equal=&#8221;on&#8221; admin_label=&#8221;Row &#8211; Men section&#8221; module_class=&#8221;row-normal&#8221; _builder_version=&#8221;4.18.0&#8243; background_position=&#8221;center_right&#8221; custom_padding=&#8221;40px||20px||false|false&#8221; custom_css_main_element=&#8221;display: flex;||flex-wrap: wrap;&#8221; global_colors_info=&#8221;{}&#8221;][et_pb_column type=&#8221;1_4&#8243; module_class=&#8221;column-shop &#8221; _builder_version=&#8221;4.18.0&#8243; custom_padding=&#8221;|||&#8221; custom_css_main_element=&#8221;order:2;&#8221; global_colors_info=&#8221;{}&#8221; custom_padding__hover=&#8221;|||&#8221;][et_pb_text _builder_version=&#8221;4.18.0&#8243; _module_preset=&#8221;default&#8221; text_font=&#8221;Din Next LT Pro Regular|||on|||||&#8221; text_text_color=&#8221;#231F20&#8243; text_letter_spacing=&#8221;1.4px&#8221; text_line_height=&#8221;20px&#8221; header_5_font=&#8221;Din Next LT Pro Regular|||on|||||&#8221; header_5_font_size=&#8221;14px&#8221; header_5_letter_spacing=&#8221;1.4px&#8221; header_5_line_height=&#8221;20px&#8221; width=&#8221;100%&#8221; width_tablet=&#8221;75%&#8221; width_phone=&#8221;100%&#8221; width_last_edited=&#8221;on|phone&#8221; custom_padding=&#8221;||||false|false&#8221; global_colors_info=&#8221;{}&#8221;]<\/p>\n<h5>Aadress<\/h5>\n<p>[\/et_pb_text][\/et_pb_column][et_pb_column type=&#8221;1_4&#8243; module_class=&#8221;column-shop &#8221; _builder_version=&#8221;4.18.0&#8243; custom_padding=&#8221;|||&#8221; custom_css_main_element=&#8221;order:2;&#8221; global_colors_info=&#8221;{}&#8221; custom_padding__hover=&#8221;|||&#8221;][et_pb_text _builder_version=&#8221;4.18.0&#8243; _module_preset=&#8221;default&#8221; text_font=&#8221;Din Next LT Pro Light||||||||&#8221; text_font_size=&#8221;16px&#8221; text_line_height=&#8221;1em&#8221; header_6_font=&#8221;Din Next LT Pro Bold||||||||&#8221; header_6_font_size=&#8221;16px&#8221; header_6_line_height=&#8221;8px&#8221; width=&#8221;100%&#8221; width_tablet=&#8221;75%&#8221; width_phone=&#8221;100%&#8221; width_last_edited=&#8221;on|phone&#8221; custom_padding=&#8221;||0px||false|false&#8221; global_colors_info=&#8221;{}&#8221;]<\/p>\n<h2>K\u00fclastage meid aadressil<\/h2>\n<p>[\/et_pb_text][et_pb_text _builder_version=&#8221;4.18.0&#8243; _module_preset=&#8221;default&#8221; text_font=&#8221;Din Next LT Pro Light||||||||&#8221; text_font_size=&#8221;16px&#8221; text_line_height=&#8221;1em&#8221; header_6_font=&#8221;Din Next LT Pro Bold||||||||&#8221; header_6_font_size=&#8221;16px&#8221; header_6_line_height=&#8221;8px&#8221; positioning=&#8221;absolute&#8221; position_origin_a=&#8221;bottom_left&#8221; position_origin_a_tablet=&#8221;bottom_left&#8221; position_origin_a_phone=&#8221;bottom_left&#8221; position_origin_a_last_edited=&#8221;on|desktop&#8221; position_origin_f_tablet=&#8221;&#8221; position_origin_f_phone=&#8221;&#8221; position_origin_f_last_edited=&#8221;on|desktop&#8221; position_origin_r_tablet=&#8221;&#8221; position_origin_r_phone=&#8221;&#8221; position_origin_r_last_edited=&#8221;on|desktop&#8221; width=&#8221;100%&#8221; width_tablet=&#8221;75%&#8221; width_phone=&#8221;100%&#8221; width_last_edited=&#8221;on|phone&#8221; custom_margin=&#8221;||-10px||false|false&#8221; custom_padding=&#8221;||8px||false|false&#8221; positioning_tablet=&#8221;none&#8221; positioning_phone=&#8221;none&#8221; positioning_last_edited=&#8221;on|tablet&#8221; global_colors_info=&#8221;{}&#8221;]<\/p>\n<p>P\u00e4rnu mnt 160, 11317 Tallinn<\/p>\n<p>[\/et_pb_text][\/et_pb_column][et_pb_column type=&#8221;1_2&#8243; module_class=&#8221;column-shop &#8221; _builder_version=&#8221;4.18.0&#8243; custom_padding=&#8221;|||&#8221; custom_css_main_element=&#8221;order:2;&#8221; global_colors_info=&#8221;{}&#8221; custom_padding__hover=&#8221;|||&#8221;][et_pb_text _builder_version=&#8221;4.18.0&#8243; _module_preset=&#8221;default&#8221; text_font=&#8221;Din Next LT Pro Regular|||on|||||&#8221; text_text_color=&#8221;#231F20&#8243; text_letter_spacing=&#8221;1.4px&#8221; text_line_height=&#8221;20px&#8221; header_5_font=&#8221;Din Next LT Pro Regular|||on|||||&#8221; header_5_font_size=&#8221;14px&#8221; header_5_letter_spacing=&#8221;1.4px&#8221; header_5_line_height=&#8221;20px&#8221; width=&#8221;100%&#8221; width_tablet=&#8221;75%&#8221; width_phone=&#8221;100%&#8221; width_last_edited=&#8221;on|phone&#8221; custom_padding=&#8221;||||false|false&#8221; global_colors_info=&#8221;{}&#8221;]<\/p>\n<h5>Oleme avatud<\/h5>\n<p>[\/et_pb_text][et_pb_text module_class=&#8221;footer-dark&#8221; _builder_version=&#8221;4.18.0&#8243; _module_preset=&#8221;default&#8221; text_font=&#8221;Din Next LT Pro Light||||||||&#8221; text_text_color=&#8221;#231F20&#8243; text_font_size=&#8221;16px&#8221; text_line_height=&#8221;24px&#8221; link_text_color=&#8221;#FFFFFF&#8221; locked=&#8221;off&#8221; global_colors_info=&#8221;{}&#8221;]<\/p>\n<p>t\u00f6\u00f6p\u00e4eviti: 10-18<\/p>\n<p>laup\u00e4ev: juuli-august suletud<\/p>\n<p>p\u00fchap\u00e4ev: suletud<\/p>\n<p>[\/et_pb_text][\/et_pb_column][\/et_pb_row][et_pb_row admin_label=&#8221;Row &#8211; Men section&#8221; module_class=&#8221;row-normal&#8221; _builder_version=&#8221;4.18.0&#8243; background_position=&#8221;center_right&#8221; custom_padding=&#8221;40px||20px||false|false&#8221; custom_css_main_element=&#8221;display: flex;||flex-wrap: wrap;&#8221; global_colors_info=&#8221;{}&#8221;][et_pb_column type=&#8221;4_4&#8243; module_class=&#8221;column-shop &#8221; _builder_version=&#8221;4.18.0&#8243; custom_padding=&#8221;|||&#8221; custom_css_main_element=&#8221;order:2;&#8221; global_colors_info=&#8221;{}&#8221; custom_padding__hover=&#8221;|||&#8221;][\/et_pb_column][\/et_pb_row][et_pb_row column_structure=&#8221;1_4,1_4,1_2&#8243; admin_label=&#8221;Row &#8211; Men section&#8221; module_class=&#8221;row-normal&#8221; _builder_version=&#8221;4.18.0&#8243; background_position=&#8221;center_right&#8221; custom_padding=&#8221;40px||20px||false|false&#8221; custom_css_main_element=&#8221;display: flex;||flex-wrap: wrap;&#8221; global_colors_info=&#8221;{}&#8221;][et_pb_column type=&#8221;1_4&#8243; module_class=&#8221;column-shop &#8221; _builder_version=&#8221;4.18.0&#8243; custom_padding=&#8221;|||&#8221; custom_css_main_element=&#8221;order:2;&#8221; global_colors_info=&#8221;{}&#8221; custom_padding__hover=&#8221;|||&#8221;][et_pb_text _builder_version=&#8221;4.18.0&#8243; _module_preset=&#8221;default&#8221; text_font=&#8221;Din Next LT Pro Regular|||on|||||&#8221; text_text_color=&#8221;#231F20&#8243; text_letter_spacing=&#8221;1.4px&#8221; text_line_height=&#8221;20px&#8221; header_5_font=&#8221;Din Next LT Pro Regular|||on|||||&#8221; header_5_font_size=&#8221;14px&#8221; header_5_letter_spacing=&#8221;1.4px&#8221; header_5_line_height=&#8221;20px&#8221; width=&#8221;100%&#8221; width_tablet=&#8221;75%&#8221; width_phone=&#8221;100%&#8221; width_last_edited=&#8221;on|phone&#8221; custom_padding=&#8221;||||false|false&#8221; global_colors_info=&#8221;{}&#8221;]<\/p>\n<h5>Kontakt<\/h5>\n<p>[\/et_pb_text][\/et_pb_column][et_pb_column type=&#8221;1_4&#8243; module_class=&#8221;column-shop &#8221; _builder_version=&#8221;4.18.0&#8243; custom_padding=&#8221;|||&#8221; custom_css_main_element=&#8221;order:2;&#8221; global_colors_info=&#8221;{}&#8221; custom_padding__hover=&#8221;|||&#8221;][et_pb_text _builder_version=&#8221;4.18.0&#8243; _module_preset=&#8221;default&#8221; text_font=&#8221;Din Next LT Pro Light||||||||&#8221; text_font_size=&#8221;16px&#8221; text_line_height=&#8221;1em&#8221; header_6_font=&#8221;Din Next LT Pro Bold||||||||&#8221; header_6_font_size=&#8221;16px&#8221; header_6_line_height=&#8221;8px&#8221; width=&#8221;100%&#8221; width_tablet=&#8221;75%&#8221; width_phone=&#8221;100%&#8221; width_last_edited=&#8221;on|phone&#8221; custom_padding=&#8221;||8px||false|false&#8221; global_colors_info=&#8221;{}&#8221;]<\/p>\n<h2>Kirjutage meile <a href=\"mailto:info@now.ee\">info@now.ee<\/a><\/h2>\n<p>[\/et_pb_text][\/et_pb_column][et_pb_column type=&#8221;1_2&#8243; module_class=&#8221;column-shop &#8221; _builder_version=&#8221;4.18.0&#8243; custom_padding=&#8221;|||&#8221; custom_css_main_element=&#8221;order:2;&#8221; global_colors_info=&#8221;{}&#8221; custom_padding__hover=&#8221;|||&#8221;][et_pb_text module_class=&#8221;footer-dark&#8221; _builder_version=&#8221;4.18.0&#8243; _module_preset=&#8221;default&#8221; text_font=&#8221;Din Next LT Pro Light||||||||&#8221; text_text_color=&#8221;#231F20&#8243; text_font_size=&#8221;16px&#8221; text_line_height=&#8221;24px&#8221; link_text_color=&#8221;#231F20&#8243; locked=&#8221;off&#8221; global_colors_info=&#8221;{}&#8221;]<\/p>\n<h2>Helistage<br \/><a href=\"tel:+37253478074\">+372 5347 8074<\/a><\/h2>\n<p>[\/et_pb_text][\/et_pb_column][\/et_pb_row][et_pb_row admin_label=&#8221;Row &#8211; Men section&#8221; module_class=&#8221;row-normal&#8221; _builder_version=&#8221;4.18.0&#8243; background_position=&#8221;center_right&#8221; custom_padding=&#8221;40px||20px||false|false&#8221; custom_css_main_element=&#8221;display: flex;||flex-wrap: wrap;&#8221; global_colors_info=&#8221;{}&#8221;][et_pb_column type=&#8221;4_4&#8243; module_class=&#8221;column-shop &#8221; _builder_version=&#8221;4.18.0&#8243; custom_padding=&#8221;|||&#8221; custom_css_main_element=&#8221;order:2;&#8221; global_colors_info=&#8221;{}&#8221; custom_padding__hover=&#8221;|||&#8221;][et_pb_divider color=&#8221;#231F20&#8243; _builder_version=&#8221;4.18.0&#8243; _module_preset=&#8221;default&#8221; height=&#8221;24px&#8221; global_colors_info=&#8221;{}&#8221;][\/et_pb_divider][\/et_pb_column][\/et_pb_row][et_pb_row column_structure=&#8221;1_5,3_5,1_5&#8243; admin_label=&#8221;Row &#8211; Men section&#8221; module_class=&#8221;row-normal&#8221; _builder_version=&#8221;4.18.0&#8243; background_position=&#8221;center_right&#8221; custom_padding=&#8221;40px||20px||false|false&#8221; custom_css_main_element=&#8221;display: flex;||flex-wrap: wrap;&#8221; global_colors_info=&#8221;{}&#8221;][et_pb_column type=&#8221;1_5&#8243; module_class=&#8221;column-shop &#8221; _builder_version=&#8221;4.18.0&#8243; custom_padding=&#8221;|||&#8221; custom_css_main_element=&#8221;order:2;&#8221; global_colors_info=&#8221;{}&#8221; custom_padding__hover=&#8221;|||&#8221;][\/et_pb_column][et_pb_column type=&#8221;3_5&#8243; module_class=&#8221;column-shop &#8221; _builder_version=&#8221;4.18.0&#8243; custom_padding=&#8221;|||&#8221; custom_css_main_element=&#8221;order:2;&#8221; global_colors_info=&#8221;{}&#8221; custom_padding__hover=&#8221;|||&#8221;][et_pb_code _builder_version=&#8221;4.18.0&#8243; _module_preset=&#8221;default&#8221; global_colors_info=&#8221;{}&#8221;]<\/p>\n<div class=\"kontakt\"><!-- [et_pb_line_break_holder] -->  <div role=\"form\" class=\"wpcf7\" id=\"wpcf7-f12480-o1\" lang=\"en\" dir=\"ltr\">\n<div class=\"screen-reader-response\"><p role=\"status\" aria-live=\"polite\" aria-atomic=\"true\"><\/p> <ul><\/ul><\/div>\n<form action=\"\/et\/wp-json\/wp\/v2\/pages\/14330#wpcf7-f12480-o1\" method=\"post\" class=\"wpcf7-form init\" novalidate=\"novalidate\" data-status=\"init\">\n<div style=\"display: none;\">\n<input type=\"hidden\" name=\"_wpcf7\" value=\"12480\" \/>\n<input type=\"hidden\" name=\"_wpcf7_version\" value=\"5.6.4\" \/>\n<input type=\"hidden\" name=\"_wpcf7_locale\" value=\"en\" \/>\n<input type=\"hidden\" name=\"_wpcf7_unit_tag\" value=\"wpcf7-f12480-o1\" \/>\n<input type=\"hidden\" name=\"_wpcf7_container_post\" value=\"0\" \/>\n<input type=\"hidden\" name=\"_wpcf7_posted_data_hash\" value=\"\" \/>\n<\/div>\n<div class=\"pakkumine columns\">\n<div class=\"content-column one_half\">\n<div class=\"email\"><span class=\"wpcf7-form-control-wrap\" data-name=\"nimi\"><input type=\"text\" name=\"nimi\" value=\"\" size=\"40\" class=\"wpcf7-form-control wpcf7-text\" aria-invalid=\"false\" placeholder=\"Name\" \/><\/span>\n<\/div>\n<\/div>\n<div class=\"content-column one_half last_column\">\n<div class=\"email\">\n<span class=\"wpcf7-form-control-wrap\" data-name=\"subscriber\"><input type=\"text\" name=\"subscriber\" value=\"\" size=\"40\" class=\"wpcf7-form-control wpcf7-text\" aria-invalid=\"false\" placeholder=\"E-mail\" \/><\/span>\n<\/div>\n<\/div>\n<\/div>\n<p>S\u00f5num<br \/>\n<span class=\"wpcf7-form-control-wrap\" data-name=\"sisu\"><textarea name=\"sisu\" cols=\"40\" rows=\"10\" class=\"wpcf7-form-control wpcf7-textarea textarea\" aria-invalid=\"false\"><\/textarea><\/span><\/p>\n<div class=\"cf7-button-center\"><input type=\"submit\" value=\"Submit\" class=\"wpcf7-form-control has-spinner wpcf7-submit\" \/><\/div>\n<div class=\"wpcf7-response-output\" aria-hidden=\"true\"><\/div><\/form><\/div><!-- [et_pb_line_break_holder] --><\/div>\n<p>[\/et_pb_code][\/et_pb_column][et_pb_column type=&#8221;1_5&#8243; module_class=&#8221;column-shop &#8221; _builder_version=&#8221;4.18.0&#8243; custom_padding=&#8221;|||&#8221; custom_css_main_element=&#8221;order:2;&#8221; global_colors_info=&#8221;{}&#8221; custom_padding__hover=&#8221;|||&#8221;][\/et_pb_column][\/et_pb_row][\/et_pb_section]<\/p>\n","protected":false},"excerpt":{"rendered":"<p>AadressK\u00fclastage meid aadressilP\u00e4rnu mnt 160, 11317 TallinnOleme avatudt\u00f6\u00f6p\u00e4eviti: 10-18 laup\u00e4ev: juuli-august suletud p\u00fchap\u00e4ev: suletudKontaktKirjutage meile info@now.eeHelistage+372 5347 8074 <div role=\"form\" class=\"wpcf7\" id=\"wpcf7-f12480-o2\" lang=\"en\" dir=\"ltr\">\n<div class=\"screen-reader-response\"><p role=\"status\" aria-live=\"polite\" aria-atomic=\"true\"><\/p> <ul><\/ul><\/div>\n<form action=\"\/et\/wp-json\/wp\/v2\/pages\/14330#wpcf7-f12480-o2\" method=\"post\" class=\"wpcf7-form init\" novalidate=\"novalidate\" data-status=\"init\">\n<div style=\"display: none;\">\n<input type=\"hidden\" name=\"_wpcf7\" value=\"12480\" \/>\n<input type=\"hidden\" name=\"_wpcf7_version\" value=\"5.6.4\" \/>\n<input type=\"hidden\" name=\"_wpcf7_locale\" value=\"en\" \/>\n<input type=\"hidden\" name=\"_wpcf7_unit_tag\" value=\"wpcf7-f12480-o2\" \/>\n<input type=\"hidden\" name=\"_wpcf7_container_post\" value=\"0\" \/>\n<input type=\"hidden\" name=\"_wpcf7_posted_data_hash\" value=\"\" \/>\n<\/div>\n<div class=\"pakkumine columns\">\n<div class=\"content-column one_half\">\n<div class=\"email\"><span class=\"wpcf7-form-control-wrap\" data-name=\"nimi\"><input type=\"text\" name=\"nimi\" value=\"\" size=\"40\" class=\"wpcf7-form-control wpcf7-text\" aria-invalid=\"false\" placeholder=\"Name\" \/><\/span>\n<\/div>\n<\/div>\n<div class=\"content-column one_half last_column\">\n<div class=\"email\">\n<span class=\"wpcf7-form-control-wrap\" data-name=\"subscriber\"><input type=\"text\" name=\"subscriber\" value=\"\" size=\"40\" class=\"wpcf7-form-control wpcf7-text\" aria-invalid=\"false\" placeholder=\"E-mail\" \/><\/span>\n<\/div>\n<\/div>\n<\/div>\n<p>S\u00f5num<br \/>\n<span class=\"wpcf7-form-control-wrap\" data-name=\"sisu\"><textarea name=\"sisu\" cols=\"40\" rows=\"10\" class=\"wpcf7-form-control wpcf7-textarea textarea\" aria-invalid=\"false\"><\/textarea><\/span><\/p>\n<div class=\"cf7-button-center\"><input type=\"submit\" value=\"Submit\" class=\"wpcf7-form-control has-spinner wpcf7-submit\" \/><\/div>\n<div class=\"wpcf7-response-output\" aria-hidden=\"true\"><\/div><\/form><\/div><\/p>\n","protected":false},"author":1,"featured_media":0,"parent":0,"menu_order":0,"comment_status":"closed","ping_status":"closed","template":"","meta":{"_et_pb_use_builder":"on","_et_pb_old_content":"","_et_gb_content_width":"","_mi_skip_tracking":false},"acf":[],"_links":{"self":[{"href":"https:\/\/arendus.now.ee\/et\/wp-json\/wp\/v2\/pages\/14330"}],"collection":[{"href":"https:\/\/arendus.now.ee\/et\/wp-json\/wp\/v2\/pages"}],"about":[{"href":"https:\/\/arendus.now.ee\/et\/wp-json\/wp\/v2\/types\/page"}],"author":[{"embeddable":true,"href":"https:\/\/arendus.now.ee\/et\/wp-json\/wp\/v2\/users\/1"}],"replies":[{"embeddable":true,"href":"https:\/\/arendus.now.ee\/et\/wp-json\/wp\/v2\/comments?post=14330"}],"version-history":[{"count":11,"href":"https:\/\/arendus.now.ee\/et\/wp-json\/wp\/v2\/pages\/14330\/revisions"}],"predecessor-version":[{"id":14947,"href":"https:\/\/arendus.now.ee\/et\/wp-json\/wp\/v2\/pages\/14330\/revisions\/14947"}],"wp:attachment":[{"href":"https:\/\/arendus.now.ee\/et\/wp-json\/wp\/v2\/media?parent=14330"}],"curies":[{"name":"wp","href":"https:\/\/api.w.org\/{rel}","templated":true}]}}